{"id":137,"date":"2024-08-28T09:51:49","date_gmt":"2024-08-28T09:51:49","guid":{"rendered":"https:\/\/www.bosternak.com\/?page_id=137"},"modified":"2025-03-10T16:40:06","modified_gmt":"2025-03-10T16:40:06","slug":"hogyan-mukodik","status":"publish","type":"page","link":"https:\/\/www.bosternak.com\/?page_id=137&lang=hu","title":{"rendered":"Mi t\u00f6rt\u00e9nik az AnaLog old\u00e1s sor\u00e1n?"},"content":{"rendered":"\n<hr class=\"wp-block-separator has-alpha-channel-opacity\"\/>\n\n\n\n<p>Az AnaLog old\u00e1s c\u00e9lja, hogy seg\u00edtsen a probl\u00e9m\u00e1id \u00e9s konfliktusaid megold\u00e1s\u00e1ban, valamint \u00f6nmagad meggy\u00f3gy\u00edt\u00e1s\u00e1ban.<\/p>\n\n\n<div class=\"wp-block-image\">\n<figure class=\"alignright size-full is-resized\"><img loading=\"lazy\" decoding=\"async\" width=\"1024\" height=\"1024\" src=\"https:\/\/www.bosternak.com\/wp-content\/uploads\/2024\/11\/0001-1.webp\" alt=\"\" class=\"wp-image-777\" style=\"width:220px;height:auto\" srcset=\"https:\/\/www.bosternak.com\/wp-content\/uploads\/2024\/11\/0001-1.webp 1024w, https:\/\/www.bosternak.com\/wp-content\/uploads\/2024\/11\/0001-1-300x300.webp 300w, https:\/\/www.bosternak.com\/wp-content\/uploads\/2024\/11\/0001-1-150x150.webp 150w, https:\/\/www.bosternak.com\/wp-content\/uploads\/2024\/11\/0001-1-768x768.webp 768w\" sizes=\"auto, (max-width: 1024px) 100vw, 1024px\" \/><\/figure><\/div>\n\n\n<p>A m\u00f3dszer alapelve az, hogy a probl\u00e9m\u00e1k \u00e9s t\u00fcnetek rossz d\u00f6nt\u00e9sek k\u00f6vetkezm\u00e9nyei. Sokan azt hiszik, hogy a d\u00f6nt\u00e9seken ut\u00f3lag m\u00e1r nem lehet v\u00e1ltoztatni, de ez nem igaz. A hib\u00e1kat csak akkor ismerheted fel \u00e9s jav\u00edthatod ki, amikor m\u00e1r probl\u00e9m\u00e1kat okoztak.<\/p>\n\n\n\n<p>A d\u00f6nt\u00e9seid hat\u00e1rozz\u00e1k meg a viselked\u00e9sedet. A rossz d\u00f6nt\u00e9sek egym\u00e1sra \u00e9p\u00fclnek, \u00e9s egy viselked\u00e9si mint\u00e1t alak\u00edtanak ki, ami v\u00e9g\u00fcl a szem\u00e9lyis\u00e9ged r\u00e9sze lesz. Ez vezet a probl\u00e9m\u00e1khoz, konfliktusokhoz \u00e9s t\u00fcnetekhez. Ahhoz, hogy v\u00e1ltozzon az \u00e9leted, ezt a mint\u00e1t kell megv\u00e1ltoztatnod. Neh\u00e9z helyzetekben \u00e9rezheted, hogy valami nincs rendben, de nem tudod, hogyan v\u00e1ltoztass rajta.<\/p>\n\n\n\n<p>Legyen sz\u00f3 szorong\u00e1sr\u00f3l, \u00f6nbizalomhi\u00e1nyr\u00f3l, l\u00e1mpal\u00e1zr\u00f3l, f\u00e9lelemr\u0151l a fogorvost\u00f3l, term\u00e9kenys\u00e9gi probl\u00e9m\u00e1kr\u00f3l, f\u00e9lt\u00e9kenys\u00e9gr\u0151l, neh\u00e9z f\u0151n\u00f6kr\u0151l, domin\u00e1l\u00f3 beosztottr\u00f3l, szigor\u00fa any\u00f3sr\u00f3l, hat\u00e1rozatlan f\u00e9rjr\u0151l, vagy arr\u00f3l, hogy \u00e9vek \u00f3ta nem tal\u00e1lsz megfelel\u0151 partnert, esetleg fogy\u00e1sr\u00f3l, h\u00edz\u00e1sr\u00f3l, szok\u00e1sv\u00e1ltoztat\u00e1sr\u00f3l, f\u00f3bi\u00e1r\u00f3l, allergi\u00e1r\u00f3l, ekc\u00e9m\u00e1r\u00f3l \u2013 b\u00e1rmilyen probl\u00e9m\u00e1t tapasztalsz, az a k\u00f6z\u00f6s, hogy v\u00e1ltoztatnod kell, hogy megold\u00f3djon. Az AnaLog M\u00f3dszer seg\u00edt megtal\u00e1lni a megold\u00e1st \u00e9s elindulni a v\u00e1ltoz\u00e1s \u00fatj\u00e1n.<\/p>\n\n\n\n<p><\/p>\n\n\n\n<hr class=\"wp-block-separator has-alpha-channel-opacity\"\/>\n\n\n\n<p><\/p>\n\n\n\n<p><strong>Miben seg\u00edthet?<\/strong><\/p>\n\n\n\n<ul class=\"wp-block-list\">\n<li><strong>\u00d6nbizalom n\u00f6vel\u00e9se<\/strong>: Megsz\u00fcnteti a bizonytalans\u00e1got \u00e9s fokozza az \u00f6n\u00e9rt\u00e9kel\u00e9st.<\/li>\n\n\n\n<li><strong>Megfelel\u00e9si k\u00e9nyszer, sz\u00e9gyen \u00e9s b\u0171ntudat kezel\u00e9se<\/strong>: Oldja a m\u00e1soknak val\u00f3 megfelel\u00e9s k\u00e9nyszer\u00e9t, \u00e9s enyh\u00edti a sz\u00e9gyen\u00e9rzetet \u00e9s b\u0171ntudatot.<\/li>\n\n\n\n<li><strong>F\u00e9lelmek elenged\u00e9se<\/strong>: Seg\u00edt megszabadulni a korl\u00e1toz\u00f3 f\u00e9lelmekt\u0151l.<\/li>\n\n\n\n<li><strong>\u00d6nmagad elfogad\u00e1sa<\/strong>: El\u0151seg\u00edti, hogy jobban elfogadd \u00e9s \u00e9rt\u00e9keld \u00f6nmagadat.<\/li>\n\n\n\n<li><strong>Negat\u00edv csal\u00e1di \u00e9s gener\u00e1ci\u00f3s mint\u00e1k megsz\u00fcntet\u00e9se<\/strong>: Feloldja a csal\u00e1di \u00e9s gener\u00e1ci\u00f3s mint\u00e1kb\u00f3l ered\u0151 negat\u00edv hat\u00e1sokat.<\/li>\n\n\n\n<li><strong>Sz\u00fcl\u0151-gyerek kapcsolat jav\u00edt\u00e1sa<\/strong>: Seg\u00edt harmonikusabb\u00e1 tenni a sz\u00fcl\u0151-gyerek kapcsolatot.<\/li>\n\n\n\n<li><strong>Kommunik\u00e1ci\u00f3s probl\u00e9m\u00e1k megold\u00e1sa<\/strong>: Fejleszti a kommunik\u00e1ci\u00f3s k\u00e9szs\u00e9geket \u00e9s kezelhet\u0151v\u00e9 teszi a neh\u00e9zs\u00e9geket.<\/li>\n\n\n\n<li><strong>Szem\u00e9lyes \u00e9s munkahelyi akad\u00e1lyok kezel\u00e9se<\/strong>: Megold\u00e1st ny\u00fajt a szem\u00e9lyes \u00e9s munkahelyi probl\u00e9m\u00e1kra, valamint a szakmai konfliktusokra.<\/li>\n\n\n\n<li><strong>P\u00e1rkapcsolati probl\u00e9m\u00e1k rendez\u00e9se<\/strong>: Seg\u00edt a p\u00e1rkapcsolati neh\u00e9zs\u00e9gek kezel\u00e9s\u00e9ben \u00e9s jav\u00edt\u00e1s\u00e1ban.<\/li>\n\n\n\n<li><strong>Eg\u00e9szs\u00e9g\u00fcgyi probl\u00e9m\u00e1k lelki okainak felt\u00e1r\u00e1sa<\/strong>: Felt\u00e1rja \u00e9s kezelni tudja az eg\u00e9szs\u00e9gi probl\u00e9m\u00e1k m\u00f6g\u00f6tt rejl\u0151 lelki okokat.<\/li>\n\n\n\n<li><strong>\u00c9letc\u00e9l \u00e9s sorsfeladat megtal\u00e1l\u00e1sa<\/strong>: Seg\u00edt megtal\u00e1lni \u00e9leted c\u00e9lj\u00e1t \u00e9s k\u00fcldet\u00e9s\u00e9t.<\/li>\n\n\n\n<li><strong>P\u00e9nz\u00fcgyi \u00e9s anyagi probl\u00e9m\u00e1k okainak felt\u00e1r\u00e1sa<\/strong>: Azonos\u00edtja \u00e9s seg\u00edt megoldani a p\u00e9nz\u00fcgyi \u00e9s anyagi gondok gy\u00f6kereit.<\/li>\n\n\n\n<li><strong>V\u00e1llalkoz\u00e1si probl\u00e9m\u00e1k kezel\u00e9se<\/strong>: T\u00e1mogat\u00e1st ny\u00fajt a v\u00e1llalkoz\u00e1ssal kapcsolatos kih\u00edv\u00e1sok lek\u00fczd\u00e9s\u00e9ben.<\/li>\n<\/ul>\n\n\n\n<p><\/p>\n\n\n\n<hr class=\"wp-block-separator has-alpha-channel-opacity\"\/>\n\n\n\n<p><\/p>\n\n\n\n<p><strong>Az AnaLog m\u00f3dszer m\u0171k\u00f6d\u00e9se<\/strong><\/p>\n\n\n\n<p><strong>Alapelvek<\/strong><\/p>\n\n\n\n<p>Az AnaLog old\u00e1s hat\u00e1sa k\u00e9t alapvet\u0151 emberi k\u00e9pess\u00e9gen alapul:<\/p>\n\n\n\n<ol class=\"wp-block-list\">\n<li><strong>A d\u00f6nt\u00e9sek ir\u00e1ny\u00edtj\u00e1k az \u00e9letedet<\/strong>: Az \u00e9letedet a d\u00f6nt\u00e9seid form\u00e1lj\u00e1k.<\/li>\n\n\n\n<li><strong>Az \u00e9rzelmek motiv\u00e1lj\u00e1k a d\u00f6nt\u00e9seket<\/strong>: Az \u00e9rzelmeid befoly\u00e1solj\u00e1k a d\u00f6nt\u00e9seidet.<\/li>\n<\/ol>\n\n\n\n<p>Ezek az \u00e9rzelmek gyakran ak\u00e1r a sz\u00e1nd\u00e9kaidt\u00f3l vagy akaratodt\u00f3l f\u00fcggetlen\u00fcl is ir\u00e1ny\u00edthatj\u00e1k az \u00e9letedet. Ez k\u00fcl\u00f6n\u00f6sen akkor v\u00e1lik nyilv\u00e1nval\u00f3v\u00e1, amikor valamit szeretn\u00e9l megv\u00e1ltoztatni, de nem tudsz el\u0151rel\u00e9pni. Ilyenkor az \u00e9rzelmeket kell el\u0151sz\u00f6r kezelni, ami nem mindig egyszer\u0171 feladat. Az \u00e9rzelmeid a m\u00faltbeli hib\u00e1s d\u00f6nt\u00e9sek \u00e9s t\u00e9ved\u00e9sek k\u00f6vetkezm\u00e9nyek\u00e9nt alakultak ki, \u00e9s azok r\u00f6gz\u00fcltek, hogy k\u00e9s\u0151bb seg\u00edtsenek azonos\u00edtani \u00e9s kijav\u00edtani a hib\u00e1kat. Ezeket a hib\u00e1kat ut\u00f3lag tudod korrig\u00e1lni, amikor m\u00e1r k\u00e9szen \u00e1llsz r\u00e1 \u00e9s elegend\u0151 tapasztalattal rendelkezel.<\/p>\n\n\n\n<p><\/p>\n\n\n\n<p><\/p>\n\n\n\n<p><strong>A m\u00f3dszer m\u0171k\u00f6d\u00e9se<\/strong><\/p>\n\n\n\n<p><\/p>\n\n\n\n<p><strong>Egyszer\u0171<\/strong>: A m\u00f3dszer arra \u00f6sszpontos\u00edt, hogy k\u00f6zvetlen\u00fcl megoldja a probl\u00e9m\u00e1t, an\u00e9lk\u00fcl, hogy hosszasan elemezn\u00e9 vagy magyar\u00e1zn\u00e1. Az \u00e9rzelmek alapj\u00e1n azonos\u00edtjuk a probl\u00e9m\u00e1t \u00e9s annak forr\u00e1s\u00e1t, majd kijav\u00edtjuk a hib\u00e1t. Az els\u0151dleges c\u00e9l a megold\u00e1s, a meg\u00e9rt\u00e9s csak ezt k\u00f6veti. Nincs sz\u00fcks\u00e9g k\u00fcl\u00f6nleges felk\u00e9sz\u00fcl\u00e9sre vagy el\u0151k\u00e9pzetts\u00e9gre.<\/p>\n\n\n\n<p><strong>Gyors \u00e9s Hat\u00e9kony<\/strong>: A konzult\u00e1ci\u00f3 sor\u00e1n egy tal\u00e1lkoz\u00f3 alatt felt\u00e9rk\u00e9pezz\u00fck \u00e9s megoldjuk a probl\u00e9m\u00e1s \u00e9rzelmet, \u00e9s \u00e1talak\u00edtjuk a viselked\u00e9si mint\u00e1t. Minden tal\u00e1lkoz\u00f3 pozit\u00edv v\u00e1ltoz\u00e1st eredm\u00e9nyez.<\/p>\n\n\n\n<p><strong>\u00c9rthet\u0151<\/strong>: A m\u00f3dszer vil\u00e1gos \u00e9s \u00e1tl\u00e1that\u00f3. Az \u00e9rzelmek seg\u00edts\u00e9g\u00e9vel felt\u00e1rjuk a konfliktusokat, meg\u00e9rtj\u00fck azok kialakul\u00e1s\u00e1t \u00e9s negat\u00edv k\u00f6vetkezm\u00e9nyeit. Az AnaLog konzult\u00e1ci\u00f3 sor\u00e1n megismered a probl\u00e9m\u00e1k kialakul\u00e1s\u00e1nak folyamat\u00e1t, \u00e9s meg\u00e9rted a kiv\u00e1lt\u00f3 okokat. Ezzel tiszt\u00e1ban leszel, miben \u00e9s hogyan hib\u00e1zt\u00e1l eddig, \u00e9s mi\u00e9rt fogsz m\u00e1sk\u00e9nt viselkedni a j\u00f6v\u0151ben.<\/p>\n\n\n\n<p><strong>M\u00e9rhet\u0151<\/strong>: A konzult\u00e1ci\u00f3 sor\u00e1n val\u00f3s esem\u00e9nyekkel \u00e9s viselked\u00e9smint\u00e1kkal dolgozunk. A tal\u00e1lkoz\u00f3t k\u00f6vet\u0151 hetekben megfigyelheted a v\u00e1ltoz\u00e1sokat saj\u00e1t \u00e9letedben. \u00d6sszehasonl\u00edthatod a konzult\u00e1ci\u00f3 sor\u00e1n tapasztalt v\u00e1ltoz\u00e1sokat a val\u00f3s \u00e9lethelyzetekkel. Az eredm\u00e9nyeket tapasztalat \u00fatj\u00e1n ellen\u0151rizheted, \u00edgy biztos lehetsz benne, hogy a v\u00e1ltoz\u00e1s tart\u00f3s \u00e9s pozit\u00edv hat\u00e1s\u00fa.<\/p>\n\n\n\n<p>Az AnaLog M\u00f3dszer c\u00e9lja, hogy hat\u00e9kony megold\u00e1sokat ny\u00fajtson, \u00e9s seg\u00edtsen el\u00e9rni a k\u00edv\u00e1nt v\u00e1ltoz\u00e1sokat az \u00e9letedben.<\/p>\n","protected":false},"excerpt":{"rendered":"<p>Az AnaLog old\u00e1s c\u00e9lja, hogy seg\u00edtsen a probl\u00e9m\u00e1id \u00e9s konfliktusaid megold\u00e1s\u00e1ban, valamint \u00f6nmagad meggy\u00f3gy\u00edt\u00e1s\u00e1ban. A m\u00f3dszer alapelve az, hogy a probl\u00e9m\u00e1k \u00e9s t\u00fcnetek rossz d\u00f6nt\u00e9sek k\u00f6vetkezm\u00e9nyei. Sokan azt hiszik, hogy a d\u00f6nt\u00e9seken ut\u00f3lag m\u00e1r nem lehet v\u00e1ltoztatni, de ez nem igaz. A hib\u00e1kat csak akkor ismerheted fel \u00e9s jav\u00edthatod ki, amikor m\u00e1r probl\u00e9m\u00e1kat okoztak. A [&hellip;]<\/p>\n","protected":false},"author":1,"featured_media":0,"parent":0,"menu_order":0,"comment_status":"closed","ping_status":"closed","template":"","meta":{"_monsterinsights_skip_tracking":false,"_monsterinsights_sitenote_active":false,"_monsterinsights_sitenote_note":"","_monsterinsights_sitenote_category":0,"footnotes":""},"class_list":["post-137","page","type-page","status-publish","hentry"],"yoast_head":"<!-- This site is optimized with the Yoast SEO plugin v23.3 - https:\/\/yoast.com\/wordpress\/plugins\/seo\/ -->\n<title>Mi t\u00f6rt\u00e9nik az AnaLog old\u00e1s sor\u00e1n? - bosternak.com<\/title>\n<meta name=\"robots\" content=\"index, follow, max-snippet:-1, max-image-preview:large, max-video-preview:-1\" \/>\n<link rel=\"canonical\" href=\"https:\/\/www.bosternak.com\/?page_id=137&lang=hu\" \/>\n<meta property=\"og:locale\" content=\"en_US\" \/>\n<meta property=\"og:type\" content=\"article\" \/>\n<meta property=\"og:title\" content=\"Mi t\u00f6rt\u00e9nik az AnaLog old\u00e1s sor\u00e1n? - bosternak.com\" \/>\n<meta property=\"og:description\" content=\"Az AnaLog old\u00e1s c\u00e9lja, hogy seg\u00edtsen a probl\u00e9m\u00e1id \u00e9s konfliktusaid megold\u00e1s\u00e1ban, valamint \u00f6nmagad meggy\u00f3gy\u00edt\u00e1s\u00e1ban. A m\u00f3dszer alapelve az, hogy a probl\u00e9m\u00e1k \u00e9s t\u00fcnetek rossz d\u00f6nt\u00e9sek k\u00f6vetkezm\u00e9nyei. Sokan azt hiszik, hogy a d\u00f6nt\u00e9seken ut\u00f3lag m\u00e1r nem lehet v\u00e1ltoztatni, de ez nem igaz. A hib\u00e1kat csak akkor ismerheted fel \u00e9s jav\u00edthatod ki, amikor m\u00e1r probl\u00e9m\u00e1kat okoztak. A [&hellip;]\" \/>\n<meta property=\"og:url\" content=\"https:\/\/www.bosternak.com\/?page_id=137&amp;lang=hu\" \/>\n<meta property=\"og:site_name\" content=\"bosternak.com\" \/>\n<meta property=\"article:modified_time\" content=\"2025-03-10T16:40:06+00:00\" \/>\n<meta property=\"og:image\" content=\"https:\/\/www.bosternak.com\/wp-content\/uploads\/2024\/11\/0001-1.webp\" \/>\n<meta name=\"twitter:card\" content=\"summary_large_image\" \/>\n<meta name=\"twitter:label1\" content=\"Est. reading time\" \/>\n\t<meta name=\"twitter:data1\" content=\"3 minutes\" \/>\n<script type=\"application\/ld+json\" class=\"yoast-schema-graph\">{\"@context\":\"https:\/\/schema.org\",\"@graph\":[{\"@type\":\"WebPage\",\"@id\":\"https:\/\/www.bosternak.com\/?page_id=137&lang=hu\",\"url\":\"https:\/\/www.bosternak.com\/?page_id=137&lang=hu\",\"name\":\"Mi t\u00f6rt\u00e9nik az AnaLog old\u00e1s sor\u00e1n? - bosternak.com\",\"isPartOf\":{\"@id\":\"https:\/\/www.bosternak.com\/#website\"},\"primaryImageOfPage\":{\"@id\":\"https:\/\/www.bosternak.com\/?page_id=137&lang=hu#primaryimage\"},\"image\":{\"@id\":\"https:\/\/www.bosternak.com\/?page_id=137&lang=hu#primaryimage\"},\"thumbnailUrl\":\"https:\/\/www.bosternak.com\/wp-content\/uploads\/2024\/11\/0001-1.webp\",\"datePublished\":\"2024-08-28T09:51:49+00:00\",\"dateModified\":\"2025-03-10T16:40:06+00:00\",\"breadcrumb\":{\"@id\":\"https:\/\/www.bosternak.com\/?page_id=137&lang=hu#breadcrumb\"},\"inLanguage\":\"en-US\",\"potentialAction\":[{\"@type\":\"ReadAction\",\"target\":[\"https:\/\/www.bosternak.com\/?page_id=137&lang=hu\"]}]},{\"@type\":\"ImageObject\",\"inLanguage\":\"en-US\",\"@id\":\"https:\/\/www.bosternak.com\/?page_id=137&lang=hu#primaryimage\",\"url\":\"https:\/\/www.bosternak.com\/wp-content\/uploads\/2024\/11\/0001-1.webp\",\"contentUrl\":\"https:\/\/www.bosternak.com\/wp-content\/uploads\/2024\/11\/0001-1.webp\",\"width\":1024,\"height\":1024},{\"@type\":\"BreadcrumbList\",\"@id\":\"https:\/\/www.bosternak.com\/?page_id=137&lang=hu#breadcrumb\",\"itemListElement\":[{\"@type\":\"ListItem\",\"position\":1,\"name\":\"Home\",\"item\":\"https:\/\/www.bosternak.com\/?page_id=1142&lang=hu\"},{\"@type\":\"ListItem\",\"position\":2,\"name\":\"Mi t\u00f6rt\u00e9nik az AnaLog old\u00e1s sor\u00e1n?\"}]},{\"@type\":\"WebSite\",\"@id\":\"https:\/\/www.bosternak.com\/#website\",\"url\":\"https:\/\/www.bosternak.com\/\",\"name\":\"AnaLog Consultancy\",\"description\":\"\",\"potentialAction\":[{\"@type\":\"SearchAction\",\"target\":{\"@type\":\"EntryPoint\",\"urlTemplate\":\"https:\/\/www.bosternak.com\/?s={search_term_string}\"},\"query-input\":\"required name=search_term_string\"}],\"inLanguage\":\"en-US\"}]}<\/script>\n<!-- \/ Yoast SEO plugin. -->","yoast_head_json":{"title":"Mi t\u00f6rt\u00e9nik az AnaLog old\u00e1s sor\u00e1n? - bosternak.com","robots":{"index":"index","follow":"follow","max-snippet":"max-snippet:-1","max-image-preview":"max-image-preview:large","max-video-preview":"max-video-preview:-1"},"canonical":"https:\/\/www.bosternak.com\/?page_id=137&lang=hu","og_locale":"en_US","og_type":"article","og_title":"Mi t\u00f6rt\u00e9nik az AnaLog old\u00e1s sor\u00e1n? - bosternak.com","og_description":"Az AnaLog old\u00e1s c\u00e9lja, hogy seg\u00edtsen a probl\u00e9m\u00e1id \u00e9s konfliktusaid megold\u00e1s\u00e1ban, valamint \u00f6nmagad meggy\u00f3gy\u00edt\u00e1s\u00e1ban. A m\u00f3dszer alapelve az, hogy a probl\u00e9m\u00e1k \u00e9s t\u00fcnetek rossz d\u00f6nt\u00e9sek k\u00f6vetkezm\u00e9nyei. Sokan azt hiszik, hogy a d\u00f6nt\u00e9seken ut\u00f3lag m\u00e1r nem lehet v\u00e1ltoztatni, de ez nem igaz. A hib\u00e1kat csak akkor ismerheted fel \u00e9s jav\u00edthatod ki, amikor m\u00e1r probl\u00e9m\u00e1kat okoztak. A [&hellip;]","og_url":"https:\/\/www.bosternak.com\/?page_id=137&lang=hu","og_site_name":"bosternak.com","article_modified_time":"2025-03-10T16:40:06+00:00","og_image":[{"url":"https:\/\/www.bosternak.com\/wp-content\/uploads\/2024\/11\/0001-1.webp"}],"twitter_card":"summary_large_image","twitter_misc":{"Est. reading time":"3 minutes"},"schema":{"@context":"https:\/\/schema.org","@graph":[{"@type":"WebPage","@id":"https:\/\/www.bosternak.com\/?page_id=137&lang=hu","url":"https:\/\/www.bosternak.com\/?page_id=137&lang=hu","name":"Mi t\u00f6rt\u00e9nik az AnaLog old\u00e1s sor\u00e1n? - bosternak.com","isPartOf":{"@id":"https:\/\/www.bosternak.com\/#website"},"primaryImageOfPage":{"@id":"https:\/\/www.bosternak.com\/?page_id=137&lang=hu#primaryimage"},"image":{"@id":"https:\/\/www.bosternak.com\/?page_id=137&lang=hu#primaryimage"},"thumbnailUrl":"https:\/\/www.bosternak.com\/wp-content\/uploads\/2024\/11\/0001-1.webp","datePublished":"2024-08-28T09:51:49+00:00","dateModified":"2025-03-10T16:40:06+00:00","breadcrumb":{"@id":"https:\/\/www.bosternak.com\/?page_id=137&lang=hu#breadcrumb"},"inLanguage":"en-US","potentialAction":[{"@type":"ReadAction","target":["https:\/\/www.bosternak.com\/?page_id=137&lang=hu"]}]},{"@type":"ImageObject","inLanguage":"en-US","@id":"https:\/\/www.bosternak.com\/?page_id=137&lang=hu#primaryimage","url":"https:\/\/www.bosternak.com\/wp-content\/uploads\/2024\/11\/0001-1.webp","contentUrl":"https:\/\/www.bosternak.com\/wp-content\/uploads\/2024\/11\/0001-1.webp","width":1024,"height":1024},{"@type":"BreadcrumbList","@id":"https:\/\/www.bosternak.com\/?page_id=137&lang=hu#breadcrumb","itemListElement":[{"@type":"ListItem","position":1,"name":"Home","item":"https:\/\/www.bosternak.com\/?page_id=1142&lang=hu"},{"@type":"ListItem","position":2,"name":"Mi t\u00f6rt\u00e9nik az AnaLog old\u00e1s sor\u00e1n?"}]},{"@type":"WebSite","@id":"https:\/\/www.bosternak.com\/#website","url":"https:\/\/www.bosternak.com\/","name":"AnaLog Consultancy","description":"","potentialAction":[{"@type":"SearchAction","target":{"@type":"EntryPoint","urlTemplate":"https:\/\/www.bosternak.com\/?s={search_term_string}"},"query-input":"required name=search_term_string"}],"inLanguage":"en-US"}]}},"_links":{"self":[{"href":"https:\/\/www.bosternak.com\/index.php?rest_route=\/wp\/v2\/pages\/137","targetHints":{"allow":["GET"]}}],"collection":[{"href":"https:\/\/www.bosternak.com\/index.php?rest_route=\/wp\/v2\/pages"}],"about":[{"href":"https:\/\/www.bosternak.com\/index.php?rest_route=\/wp\/v2\/types\/page"}],"author":[{"embeddable":true,"href":"https:\/\/www.bosternak.com\/index.php?rest_route=\/wp\/v2\/users\/1"}],"replies":[{"embeddable":true,"href":"https:\/\/www.bosternak.com\/index.php?rest_route=%2Fwp%2Fv2%2Fcomments&post=137"}],"version-history":[{"count":7,"href":"https:\/\/www.bosternak.com\/index.php?rest_route=\/wp\/v2\/pages\/137\/revisions"}],"predecessor-version":[{"id":970,"href":"https:\/\/www.bosternak.com\/index.php?rest_route=\/wp\/v2\/pages\/137\/revisions\/970"}],"wp:attachment":[{"href":"https:\/\/www.bosternak.com\/index.php?rest_route=%2Fwp%2Fv2%2Fmedia&parent=137"}],"curies":[{"name":"wp","href":"https:\/\/api.w.org\/{rel}","templated":true}]}}